{"id":494,"date":"2023-03-01T19:16:21","date_gmt":"2023-03-01T18:16:21","guid":{"rendered":"https:\/\/broclean.pl\/?page_id=494"},"modified":"2023-05-03T23:26:02","modified_gmt":"2023-05-03T21:26:02","slug":"impregnacja-wykladzin-elastycznych","status":"publish","type":"page","link":"https:\/\/broclean.pl\/index.php\/oferta\/impregnacja-wykladzin-elastycznych\/","title":{"rendered":"Impregnacja wyk\u0142adzin elastycznych"},"content":{"rendered":"\t\t<div data-elementor-type=\"wp-page\" data-elementor-id=\"494\" class=\"elementor elementor-494\">\n\t\t\t\t\t\t<section class=\"elementor-section elementor-top-section elementor-element elementor-element-041e924 elementor-section-boxed elementor-section-height-default elementor-section-height-default\" data-id=\"041e924\" data-element_type=\"section\" data-e-type=\"section\">\n\t\t\t\t\t\t<div class=\"elementor-container elementor-column-gap-default\">\n\t\t\t\t\t<div class=\"elementor-column elementor-col-100 elementor-top-column elementor-element elementor-element-7b2d5ee\" data-id=\"7b2d5ee\" data-element_type=\"column\" data-e-type=\"column\">\n\t\t\t<div class=\"elementor-widget-wrap elementor-element-populated\">\n\t\t\t\t\t\t<div class=\"elementor-element elementor-element-1eef9e7 elementor-widget elementor-widget-heading\" data-id=\"1eef9e7\" data-element_type=\"widget\" data-e-type=\"widget\" data-widget_type=\"heading.default\">\n\t\t\t\t<div class=\"elementor-widget-container\">\n\t\t\t\t\t<h2 class=\"elementor-heading-title elementor-size-default\">Impregnacja wyk\u0142adzin elastycznych<\/h2>\t\t\t\t<\/div>\n\t\t\t\t<\/div>\n\t\t\t\t<div class=\"elementor-element elementor-element-ab71b3a elementor-widget elementor-widget-text-editor\" data-id=\"ab71b3a\" data-element_type=\"widget\" data-e-type=\"widget\" data-widget_type=\"text-editor.default\">\n\t\t\t\t<div class=\"elementor-widget-container\">\n\t\t\t\t\t\t\t\t\t<h3><span style=\"font-weight: normal;\">Oferujemy profesjonaln\u0105 impregnacj\u0119 wyk\u0142adzin elastycznych, kt\u00f3ra zabezpieczy Tw\u00f3j pod\u0142og\u0119 przed wilgoci\u0105, zabrudzeniami oraz uszkodzeniami mechanicznymi.&nbsp;<\/span><\/h3><div><span style=\"font-weight: normal;\"><br><\/span><\/div>\n<h4>Oto pi\u0119\u0107 g\u0142\u00f3wnych korzy\u015bci naszej us\u0142ugi:<\/h4>\n<ul style=\"text-align: justify;\">\n<li style=\"\"><b>Zwi\u0119kszenie trwa\u0142o\u015bci <\/b>&#8211; Impregnacja wyk\u0142adziny elastycznej zwi\u0119kszy jej wytrzyma\u0142o\u015b\u0107 i odporno\u015b\u0107 na uszkodzenia mechaniczne. Dzi\u0119ki temu Twoja pod\u0142oga b\u0119dzie s\u0142u\u017cy\u0107 Ci przez d\u0142ugi czas, nawet przy intensywnym u\u017cytkowaniu.<\/li>\n<li><b>\u0141atwo\u015b\u0107 w utrzymaniu<\/b> &#8211; Impregnowana wyk\u0142adzina b\u0119dzie znacznie \u0142atwiejsza do utrzymania w czysto\u015bci. Zabezpieczenie przed wilgoci\u0105 oraz zabrudzeniami sprawi, \u017ce usuwanie plam i brudu b\u0119dzie o wiele prostsze i skuteczniejsze.<\/li>\n<li><b>Poprawa estetyki <\/b>&#8211; Impregnacja wyk\u0142adziny elastycznej pozwoli zachowa\u0107 jej pierwotny wygl\u0105d na d\u0142u\u017cej, co wp\u0142ynie na estetyk\u0119 ca\u0142ego pomieszczenia. Czysta, zadbana pod\u0142oga zawsze wygl\u0105da lepiej i daje poczucie porz\u0105dku.<\/li>\n<li style=\"\"><b>Bezpiecze\u0144stwo<\/b> &#8211; Impregnacja wyk\u0142adziny elastycznej zwi\u0119kszy jej przyczepno\u015b\u0107, co wp\u0142ynie na bezpiecze\u0144stwo u\u017cytkownik\u00f3w. Pod\u0142oga stanie si\u0119 mniej \u015bliska, co zminimalizuje ryzyko po\u015blizgni\u0119cia si\u0119 i upadku.<\/li>\n<li><b>Ochrona przed wilgoci\u0105<\/b> &#8211; Dzi\u0119ki impregnacji Twoja wyk\u0142adzina b\u0119dzie odporne na wilgo\u0107 i wod\u0119, co pozwoli zachowa\u0107 jej estetyczny wygl\u0105d na d\u0142u\u017cej. Nie musisz si\u0119 martwi\u0107 o plamy i zabrudzenia, kt\u00f3re wynikaj\u0105 z przypadkowego wylewu p\u0142yn\u00f3w.<\/li>\n<p><br>Skorzystanie z naszej us\u0142ugi impregnacji wyk\u0142adzin elastycznych to gwarancja d\u0142ugotrwa\u0142ej ochrony wyk\u0142adziny. Skontaktuj si\u0119 z nami, a ch\u0119tnie doradzimy Ci w wyborze najlepszego rozwi\u0105zania dla Twojej pod\u0142ogi.<br><\/p>\n<\/ul>\t\t\t\t\t\t\t\t<\/div>\n\t\t\t\t<\/div>\n\t\t\t\t\t<\/div>\n\t\t<\/div>\n\t\t\t\t\t<\/div>\n\t\t<\/section>\n\t\t\t\t<\/div>\n\t\t","protected":false},"excerpt":{"rendered":"<p>Impregnacja wyk\u0142adzin elastycznych Oferujemy profesjonaln\u0105 impregnacj\u0119 wyk\u0142adzin elastycznych, kt\u00f3ra zabezpieczy Tw\u00f3j pod\u0142og\u0119 przed wilgoci\u0105, zabrudzeniami oraz uszkodzeniami mechanicznymi.&nbsp; Oto pi\u0119\u0107 g\u0142\u00f3wnych korzy\u015bci naszej us\u0142ugi: Zwi\u0119kszenie trwa\u0142o\u015bci &#8211; Impregnacja wyk\u0142adziny elastycznej zwi\u0119kszy jej wytrzyma\u0142o\u015b\u0107 i odporno\u015b\u0107 na uszkodzenia mechaniczne. Dzi\u0119ki temu Twoja pod\u0142oga b\u0119dzie s\u0142u\u017cy\u0107 Ci przez d\u0142ugi czas, nawet przy intensywnym u\u017cytkowaniu. \u0141atwo\u015b\u0107 w utrzymaniu&hellip;<\/p>\n","protected":false},"author":2,"featured_media":0,"parent":475,"menu_order":0,"comment_status":"closed","ping_status":"closed","template":"","meta":{"footnotes":""},"class_list":["post-494","page","type-page","status-publish","hentry"],"_links":{"self":[{"href":"https:\/\/broclean.pl\/index.php\/wp-json\/wp\/v2\/pages\/494","targetHints":{"allow":["GET"]}}],"collection":[{"href":"https:\/\/broclean.pl\/index.php\/wp-json\/wp\/v2\/pages"}],"about":[{"href":"https:\/\/broclean.pl\/index.php\/wp-json\/wp\/v2\/types\/page"}],"author":[{"embeddable":true,"href":"https:\/\/broclean.pl\/index.php\/wp-json\/wp\/v2\/users\/2"}],"replies":[{"embeddable":true,"href":"https:\/\/broclean.pl\/index.php\/wp-json\/wp\/v2\/comments?post=494"}],"version-history":[{"count":6,"href":"https:\/\/broclean.pl\/index.php\/wp-json\/wp\/v2\/pages\/494\/revisions"}],"predecessor-version":[{"id":615,"href":"https:\/\/broclean.pl\/index.php\/wp-json\/wp\/v2\/pages\/494\/revisions\/615"}],"up":[{"embeddable":true,"href":"https:\/\/broclean.pl\/index.php\/wp-json\/wp\/v2\/pages\/475"}],"wp:attachment":[{"href":"https:\/\/broclean.pl\/index.php\/wp-json\/wp\/v2\/media?parent=494"}],"curies":[{"name":"wp","href":"https:\/\/api.w.org\/{rel}","templated":true}]}}