{"id":492,"date":"2023-03-01T19:16:05","date_gmt":"2023-03-01T18:16:05","guid":{"rendered":"https:\/\/broclean.pl\/?page_id=492"},"modified":"2023-05-04T18:42:36","modified_gmt":"2023-05-04T16:42:36","slug":"czyszczenie-wykladzin-dywanowych","status":"publish","type":"page","link":"https:\/\/broclean.pl\/index.php\/oferta\/czyszczenie-wykladzin-dywanowych\/","title":{"rendered":"Czyszczenie wyk\u0142adzin dywanowych"},"content":{"rendered":"\t\t<div data-elementor-type=\"wp-page\" data-elementor-id=\"492\" class=\"elementor elementor-492\">\n\t\t\t\t\t\t<section class=\"elementor-section elementor-top-section elementor-element elementor-element-277c198 elementor-section-boxed elementor-section-height-default elementor-section-height-default\" data-id=\"277c198\" data-element_type=\"section\" data-e-type=\"section\">\n\t\t\t\t\t\t<div class=\"elementor-container elementor-column-gap-default\">\n\t\t\t\t\t<div class=\"elementor-column elementor-col-100 elementor-top-column elementor-element elementor-element-02b73d5\" data-id=\"02b73d5\" data-element_type=\"column\" data-e-type=\"column\">\n\t\t\t<div class=\"elementor-widget-wrap elementor-element-populated\">\n\t\t\t\t\t\t<div class=\"elementor-element elementor-element-31a6842 elementor-widget elementor-widget-heading\" data-id=\"31a6842\" data-element_type=\"widget\" data-e-type=\"widget\" data-widget_type=\"heading.default\">\n\t\t\t\t<div class=\"elementor-widget-container\">\n\t\t\t\t\t<h2 class=\"elementor-heading-title elementor-size-default\">Czyszczenie wyk\u0142adzin dywanowych<\/h2>\t\t\t\t<\/div>\n\t\t\t\t<\/div>\n\t\t\t\t\t<\/div>\n\t\t<\/div>\n\t\t\t\t\t<\/div>\n\t\t<\/section>\n\t\t\t\t<section class=\"elementor-section elementor-top-section elementor-element elementor-element-164fa64 elementor-section-boxed elementor-section-height-default elementor-section-height-default\" data-id=\"164fa64\" data-element_type=\"section\" data-e-type=\"section\">\n\t\t\t\t\t\t<div class=\"elementor-container elementor-column-gap-default\">\n\t\t\t\t\t<div class=\"elementor-column elementor-col-100 elementor-top-column elementor-element elementor-element-b4bfd52\" data-id=\"b4bfd52\" data-element_type=\"column\" data-e-type=\"column\">\n\t\t\t<div class=\"elementor-widget-wrap elementor-element-populated\">\n\t\t\t\t\t\t<div class=\"elementor-element elementor-element-c91ef4d elementor-widget elementor-widget-text-editor\" data-id=\"c91ef4d\" data-element_type=\"widget\" data-e-type=\"widget\" data-widget_type=\"text-editor.default\">\n\t\t\t\t<div class=\"elementor-widget-container\">\n\t\t\t\t\t\t\t\t\t<h3 style=\"font-family: Montserrat; color: #000000;\"><span style=\"font-weight: normal;\">Technologia kt\u00f3r\u0105 si\u0119 pos\u0142ugujemy, opracowana przez firm\u0119 Dr Schutz GmbH jest dopracowywana we wsp\u00f3\u0142pracy z producentami wyk\u0142adzin od lat 50&#8242; ubieg\u0142ego wieku. Okresowe czyszczenie pozwala na znacz\u0105ce przed\u0142u\u017cenie \u017cycia wyk\u0142adzin w dobrej jako\u015bci.&nbsp;<\/span><\/h3>\n<div><span style=\"font-weight: normal;\">&nbsp;<\/span><\/div>\n<p><span style=\"color: #000000; text-align: justify; letter-spacing: 0px;\"><b>Co dostaj\u0105 Pa\u0144stwo w zakresie naszej us\u0142ugi?<\/b><\/span><\/p>\n<ul style=\"color: #000000; text-align: justify;\">\n<li><b>Czyszczenie wyk\u0142adzin&nbsp;<\/b>\u2013&nbsp; Metoda &#8221;na sucho&#8221; kt\u00f3r\u0105 si\u0119 pos\u0142ugujemy pozwala dog\u0142\u0119bnie wyczy\u015bci\u0107 wyk\u0142adzin\u0119, r\u00f3wnie\u017c w trudno dost\u0119pnych miejscach. Metoda ta jest nieinwazyjna, nie uszkadza wyk\u0142adziny, tak jak metody prania na mokro. Co wi\u0119cej &#8211; przed\u0142u\u017ca jej \u017cywotno\u015b\u0107 w dobrym stanie.<\/li>\n<li><b>Impregnacja wyk\u0142adzin&nbsp;<\/b>\u2013 Impregnat hydrofobowy nie pozwala plamom wnikn\u0105\u0107 w g\u0142\u0119bsze jej warstwy co znacz\u0105co u\u0142atwia usuwanie plam z wyk\u0142adziny. Zabrudzenia nie osiadaj\u0105 na runie, tylko na warstwie zabezpieczaj\u0105cej, wi\u0119c sama wyk\u0142adzina pozostaje czysta.<\/li>\n<li><b>Rewitalizacja runa wyk\u0142adziny<\/b> \u2013 Maszyny dzia\u0142aj\u0105ce na zasadzie ruch\u00f3w wibracyjno-oscylacyjnych pozwalaj\u0105 na &#8221;uczesanie&#8221; runa. Sprawia to, \u017ce sama wyk\u0142adzina si\u0119 nie udeptuje i nie przyjmuje brudu, co znacz\u0105co przed\u0142u\u017ca jej \u017cywotno\u015b\u0107.<\/li>\n<li><b>Poprawa jako\u015bci powietrza&nbsp;&nbsp;<\/b>\u2013 Wyk\u0142adzina jest idealnym siedliskiem do rozwoju mikroorganizm\u00f3w wp\u0142ywaj\u0105cych na jako\u015b\u0107 powietrza w lokalu. Detergenty kt\u00f3rymi si\u0119 pos\u0142ugujemy skutecznie je eliminuj\u0105, nadaj\u0105c jednocze\u015bnie \u015bwie\u017cy, przyjemny zapach.<\/li>\n<li><b>Przed\u0142u\u017cenie gwarancji wyk\u0142adzin&nbsp;<\/b>\u2013 Technologia w oparciu kt\u00f3r\u0105 czy\u015bcimy wyk\u0142adziny jest technologi\u0105 zgodn\u0105 z warunkami gwarancyjnymi wyk\u0142adziny. My z kolei dajemy Pa\u0144stwu gwarancj\u0119 na skuteczno\u015b\u0107 naszych system\u00f3w czyszczenia wyk\u0142adzin.<\/li>\n<\/ul>\n<div style=\"text-align: justify;\"><span style=\"color: #000000;\">Skorzystanie z naszej us\u0142ugi w zakresie okresowego czyszczenia wyk\u0142adzin dywanowych to gwarancja d\u0142ugoletniej \u017cywotno\u015bci wyk\u0142adzin dywanowych.&nbsp;<\/span><span style=\"color: rgb(0, 0, 0); letter-spacing: 0px;\">Skontaktuj si\u0119 z nami, a przeprowadzimy us\u0142ug\u0119 czyszczenia u Ciebie!<\/span><\/div>\t\t\t\t\t\t\t\t<\/div>\n\t\t\t\t<\/div>\n\t\t\t\t\t<\/div>\n\t\t<\/div>\n\t\t\t\t\t<\/div>\n\t\t<\/section>\n\t\t\t\t<\/div>\n\t\t","protected":false},"excerpt":{"rendered":"<p>Czyszczenie wyk\u0142adzin dywanowych Technologia kt\u00f3r\u0105 si\u0119 pos\u0142ugujemy, opracowana przez firm\u0119 Dr Schutz GmbH jest dopracowywana we wsp\u00f3\u0142pracy z producentami wyk\u0142adzin od lat 50&#8242; ubieg\u0142ego wieku. Okresowe czyszczenie pozwala na znacz\u0105ce przed\u0142u\u017cenie \u017cycia wyk\u0142adzin w dobrej jako\u015bci.&nbsp; &nbsp; Co dostaj\u0105 Pa\u0144stwo w zakresie naszej us\u0142ugi? Czyszczenie wyk\u0142adzin&nbsp;\u2013&nbsp; Metoda &#8221;na sucho&#8221; kt\u00f3r\u0105 si\u0119 pos\u0142ugujemy pozwala dog\u0142\u0119bnie wyczy\u015bci\u0107&hellip;<\/p>\n","protected":false},"author":2,"featured_media":0,"parent":475,"menu_order":0,"comment_status":"closed","ping_status":"closed","template":"","meta":{"footnotes":""},"class_list":["post-492","page","type-page","status-publish","hentry"],"_links":{"self":[{"href":"https:\/\/broclean.pl\/index.php\/wp-json\/wp\/v2\/pages\/492","targetHints":{"allow":["GET"]}}],"collection":[{"href":"https:\/\/broclean.pl\/index.php\/wp-json\/wp\/v2\/pages"}],"about":[{"href":"https:\/\/broclean.pl\/index.php\/wp-json\/wp\/v2\/types\/page"}],"author":[{"embeddable":true,"href":"https:\/\/broclean.pl\/index.php\/wp-json\/wp\/v2\/users\/2"}],"replies":[{"embeddable":true,"href":"https:\/\/broclean.pl\/index.php\/wp-json\/wp\/v2\/comments?post=492"}],"version-history":[{"count":6,"href":"https:\/\/broclean.pl\/index.php\/wp-json\/wp\/v2\/pages\/492\/revisions"}],"predecessor-version":[{"id":620,"href":"https:\/\/broclean.pl\/index.php\/wp-json\/wp\/v2\/pages\/492\/revisions\/620"}],"up":[{"embeddable":true,"href":"https:\/\/broclean.pl\/index.php\/wp-json\/wp\/v2\/pages\/475"}],"wp:attachment":[{"href":"https:\/\/broclean.pl\/index.php\/wp-json\/wp\/v2\/media?parent=492"}],"curies":[{"name":"wp","href":"https:\/\/api.w.org\/{rel}","templated":true}]}}