{"id":475,"date":"2023-03-01T14:48:30","date_gmt":"2023-03-01T13:48:30","guid":{"rendered":"https:\/\/broclean.pl\/?page_id=475"},"modified":"2023-05-05T17:08:49","modified_gmt":"2023-05-05T15:08:49","slug":"oferta","status":"publish","type":"page","link":"https:\/\/broclean.pl\/index.php\/oferta\/","title":{"rendered":"Oferta"},"content":{"rendered":"\t\t<div data-elementor-type=\"wp-page\" data-elementor-id=\"475\" class=\"elementor elementor-475\">\n\t\t\t\t\t\t<section class=\"elementor-section elementor-top-section elementor-element elementor-element-5185ffb elementor-section-boxed elementor-section-height-default elementor-section-height-default\" data-id=\"5185ffb\" data-element_type=\"section\" data-e-type=\"section\">\n\t\t\t\t\t\t<div class=\"elementor-container elementor-column-gap-default\">\n\t\t\t\t\t<div class=\"elementor-column elementor-col-100 elementor-top-column elementor-element elementor-element-bba55a7\" data-id=\"bba55a7\" data-element_type=\"column\" data-e-type=\"column\">\n\t\t\t<div class=\"elementor-widget-wrap elementor-element-populated\">\n\t\t\t\t\t\t<section class=\"elementor-section elementor-inner-section elementor-element elementor-element-ba3d488 elementor-section-boxed elementor-section-height-default elementor-section-height-default\" data-id=\"ba3d488\" data-element_type=\"section\" data-e-type=\"section\">\n\t\t\t\t\t\t<div class=\"elementor-container elementor-column-gap-default\">\n\t\t\t\t\t<div class=\"elementor-column elementor-col-50 elementor-inner-column elementor-element elementor-element-5e1fdf7\" data-id=\"5e1fdf7\" data-element_type=\"column\" data-e-type=\"column\">\n\t\t\t<div class=\"elementor-widget-wrap elementor-element-populated\">\n\t\t\t\t\t\t<div class=\"elementor-element elementor-element-04e5078 elementor-widget elementor-widget-image\" data-id=\"04e5078\" data-element_type=\"widget\" data-e-type=\"widget\" data-widget_type=\"image.default\">\n\t\t\t\t<div class=\"elementor-widget-container\">\n\t\t\t\t\t\t\t\t\t\t\t\t\t\t\t\t<a href=\"https:\/\/broclean.pl\/index.php\/oferta\/czyszczenie-wykladzin-dywanowych\/\">\n\t\t\t\t\t\t\t<img fetchpriority=\"high\" decoding=\"async\" width=\"1024\" height=\"679\" src=\"https:\/\/broclean.pl\/wp-content\/uploads\/2023\/03\/Czyszczenie-dywanu-1-1024x679.png\" class=\"attachment-large size-large wp-image-481\" alt=\"\" srcset=\"https:\/\/broclean.pl\/wp-content\/uploads\/2023\/03\/Czyszczenie-dywanu-1-1024x679.png 1024w, https:\/\/broclean.pl\/wp-content\/uploads\/2023\/03\/Czyszczenie-dywanu-1-300x199.png 300w, https:\/\/broclean.pl\/wp-content\/uploads\/2023\/03\/Czyszczenie-dywanu-1-768x509.png 768w, https:\/\/broclean.pl\/wp-content\/uploads\/2023\/03\/Czyszczenie-dywanu-1-1536x1018.png 1536w, https:\/\/broclean.pl\/wp-content\/uploads\/2023\/03\/Czyszczenie-dywanu-1-2048x1357.png 2048w\" sizes=\"(max-width: 1024px) 100vw, 1024px\" \/>\t\t\t\t\t\t\t\t<\/a>\n\t\t\t\t\t\t\t\t\t\t\t\t\t\t\t<\/div>\n\t\t\t\t<\/div>\n\t\t\t\t<div class=\"elementor-element elementor-element-1f58e31 elementor-widget elementor-widget-heading\" data-id=\"1f58e31\" data-element_type=\"widget\" data-e-type=\"widget\" data-widget_type=\"heading.default\">\n\t\t\t\t<div class=\"elementor-widget-container\">\n\t\t\t\t\t<h2 class=\"elementor-heading-title elementor-size-default\"><a href=\"https:\/\/broclean.pl\/index.php\/oferta\/czyszczenie-wykladzin-dywanowych\/\">Czyszczenie wyk\u0142adzin dywanowych<\/a><\/h2>\t\t\t\t<\/div>\n\t\t\t\t<\/div>\n\t\t\t\t\t<\/div>\n\t\t<\/div>\n\t\t\t\t<div class=\"elementor-column elementor-col-50 elementor-inner-column elementor-element elementor-element-d7d7e26\" data-id=\"d7d7e26\" data-element_type=\"column\" data-e-type=\"column\">\n\t\t\t<div class=\"elementor-widget-wrap elementor-element-populated\">\n\t\t\t\t\t\t<div class=\"elementor-element elementor-element-6f0ebf0 elementor-widget elementor-widget-image\" data-id=\"6f0ebf0\" data-element_type=\"widget\" data-e-type=\"widget\" data-widget_type=\"image.default\">\n\t\t\t\t<div class=\"elementor-widget-container\">\n\t\t\t\t\t\t\t\t\t\t\t\t\t\t\t\t<a href=\"https:\/\/broclean.pl\/index.php\/oferta\/impregnacja-wykladzin-elastycznych\">\n\t\t\t\t\t\t\t<img decoding=\"async\" width=\"1024\" height=\"849\" src=\"https:\/\/broclean.pl\/wp-content\/uploads\/2023\/03\/pcv-1024x849.png\" class=\"attachment-large size-large wp-image-483\" alt=\"\" srcset=\"https:\/\/broclean.pl\/wp-content\/uploads\/2023\/03\/pcv-1024x849.png 1024w, https:\/\/broclean.pl\/wp-content\/uploads\/2023\/03\/pcv-300x249.png 300w, https:\/\/broclean.pl\/wp-content\/uploads\/2023\/03\/pcv-768x637.png 768w, https:\/\/broclean.pl\/wp-content\/uploads\/2023\/03\/pcv-1536x1274.png 1536w, https:\/\/broclean.pl\/wp-content\/uploads\/2023\/03\/pcv.png 1924w\" sizes=\"(max-width: 1024px) 100vw, 1024px\" \/>\t\t\t\t\t\t\t\t<\/a>\n\t\t\t\t\t\t\t\t\t\t\t\t\t\t\t<\/div>\n\t\t\t\t<\/div>\n\t\t\t\t<div class=\"elementor-element elementor-element-dfff03a elementor-widget elementor-widget-heading\" data-id=\"dfff03a\" data-element_type=\"widget\" data-e-type=\"widget\" data-widget_type=\"heading.default\">\n\t\t\t\t<div class=\"elementor-widget-container\">\n\t\t\t\t\t<h2 class=\"elementor-heading-title elementor-size-default\"><a href=\"https:\/\/broclean.pl\/index.php\/oferta\/impregnacja-wykladzin-elastycznych\/\">Impregnacja wyk\u0142adzin elastycznych<\/a><\/h2>\t\t\t\t<\/div>\n\t\t\t\t<\/div>\n\t\t\t\t\t<\/div>\n\t\t<\/div>\n\t\t\t\t\t<\/div>\n\t\t<\/section>\n\t\t\t\t\t<\/div>\n\t\t<\/div>\n\t\t\t\t\t<\/div>\n\t\t<\/section>\n\t\t\t\t<section class=\"elementor-section elementor-top-section elementor-element elementor-element-434bc57 elementor-section-boxed elementor-section-height-default elementor-section-height-default\" data-id=\"434bc57\" data-element_type=\"section\" data-e-type=\"section\">\n\t\t\t\t\t\t<div class=\"elementor-container elementor-column-gap-no\">\n\t\t\t\t\t<div class=\"elementor-column elementor-col-100 elementor-top-column elementor-element elementor-element-b549c8d\" data-id=\"b549c8d\" data-element_type=\"column\" data-e-type=\"column\">\n\t\t\t<div class=\"elementor-widget-wrap elementor-element-populated\">\n\t\t\t\t\t\t<section class=\"elementor-section elementor-inner-section elementor-element elementor-element-87aeece elementor-section-boxed elementor-section-height-default elementor-section-height-default\" data-id=\"87aeece\" data-element_type=\"section\" data-e-type=\"section\">\n\t\t\t\t\t\t<div class=\"elementor-container elementor-column-gap-default\">\n\t\t\t\t\t<div class=\"elementor-column elementor-col-50 elementor-inner-column elementor-element elementor-element-02abe46\" data-id=\"02abe46\" data-element_type=\"column\" data-e-type=\"column\">\n\t\t\t<div class=\"elementor-widget-wrap elementor-element-populated\">\n\t\t\t\t\t\t<div class=\"elementor-element elementor-element-36d494d elementor-widget elementor-widget-image\" data-id=\"36d494d\" data-element_type=\"widget\" data-e-type=\"widget\" data-widget_type=\"image.default\">\n\t\t\t\t<div class=\"elementor-widget-container\">\n\t\t\t\t\t\t\t\t\t\t\t\t\t\t\t\t<a href=\"https:\/\/broclean.pl\/index.php\/oferta\/renowacja-wykladzin-elastycznych\/\">\n\t\t\t\t\t\t\t<img decoding=\"async\" src=\"https:\/\/broclean.pl\/wp-content\/plugins\/elementor\/assets\/images\/placeholder.png\" title=\"\" alt=\"\" loading=\"lazy\" \/>\t\t\t\t\t\t\t\t<\/a>\n\t\t\t\t\t\t\t\t\t\t\t\t\t\t\t<\/div>\n\t\t\t\t<\/div>\n\t\t\t\t<div class=\"elementor-element elementor-element-e5ddba4 elementor-widget elementor-widget-heading\" data-id=\"e5ddba4\" data-element_type=\"widget\" data-e-type=\"widget\" data-widget_type=\"heading.default\">\n\t\t\t\t<div class=\"elementor-widget-container\">\n\t\t\t\t\t<h2 class=\"elementor-heading-title elementor-size-default\"><a href=\"https:\/\/broclean.pl\/index.php\/oferta\/renowacja-wykladzin-elastycznych\/\">Renowacj\u0119 wyk\u0142adzin elastycznych<\/a><\/h2>\t\t\t\t<\/div>\n\t\t\t\t<\/div>\n\t\t\t\t\t<\/div>\n\t\t<\/div>\n\t\t\t\t<div class=\"elementor-column elementor-col-50 elementor-inner-column elementor-element elementor-element-4bc5759\" data-id=\"4bc5759\" data-element_type=\"column\" data-e-type=\"column\">\n\t\t\t<div class=\"elementor-widget-wrap elementor-element-populated\">\n\t\t\t\t\t\t<div class=\"elementor-element elementor-element-9c5bb3e elementor-widget elementor-widget-image\" data-id=\"9c5bb3e\" data-element_type=\"widget\" data-e-type=\"widget\" data-widget_type=\"image.default\">\n\t\t\t\t<div class=\"elementor-widget-container\">\n\t\t\t\t\t\t\t\t\t\t\t\t\t\t\t\t<a href=\"https:\/\/broclean.pl\/index.php\/oferta\/montaz-wykladzin\/\">\n\t\t\t\t\t\t\t<img decoding=\"async\" width=\"1024\" height=\"571\" src=\"https:\/\/broclean.pl\/wp-content\/uploads\/2023\/03\/Montaz-wykladzin-1024x571.jpg\" class=\"attachment-large size-large wp-image-485\" alt=\"\" srcset=\"https:\/\/broclean.pl\/wp-content\/uploads\/2023\/03\/Montaz-wykladzin-1024x571.jpg 1024w, https:\/\/broclean.pl\/wp-content\/uploads\/2023\/03\/Montaz-wykladzin-300x167.jpg 300w, https:\/\/broclean.pl\/wp-content\/uploads\/2023\/03\/Montaz-wykladzin-768x428.jpg 768w, https:\/\/broclean.pl\/wp-content\/uploads\/2023\/03\/Montaz-wykladzin-1536x856.jpg 1536w, https:\/\/broclean.pl\/wp-content\/uploads\/2023\/03\/Montaz-wykladzin-2048x1142.jpg 2048w\" sizes=\"(max-width: 1024px) 100vw, 1024px\" \/>\t\t\t\t\t\t\t\t<\/a>\n\t\t\t\t\t\t\t\t\t\t\t\t\t\t\t<\/div>\n\t\t\t\t<\/div>\n\t\t\t\t<div class=\"elementor-element elementor-element-cc4865e elementor-widget elementor-widget-heading\" data-id=\"cc4865e\" data-element_type=\"widget\" data-e-type=\"widget\" data-widget_type=\"heading.default\">\n\t\t\t\t<div class=\"elementor-widget-container\">\n\t\t\t\t\t<h2 class=\"elementor-heading-title elementor-size-default\"><a href=\"https:\/\/broclean.pl\/index.php\/oferta\/montaz-wykladzin\"><span style=\"letter-spacing: -0.02em\">Monta\u017c wyk\u0142adzin<\/span><\/a><\/h2>\t\t\t\t<\/div>\n\t\t\t\t<\/div>\n\t\t\t\t\t<\/div>\n\t\t<\/div>\n\t\t\t\t\t<\/div>\n\t\t<\/section>\n\t\t\t\t<section class=\"elementor-section elementor-inner-section elementor-element elementor-element-4f96a22 elementor-section-boxed elementor-section-height-default elementor-section-height-default\" data-id=\"4f96a22\" data-element_type=\"section\" data-e-type=\"section\">\n\t\t\t\t\t\t<div class=\"elementor-container elementor-column-gap-default\">\n\t\t\t\t\t<div class=\"elementor-column elementor-col-100 elementor-inner-column elementor-element elementor-element-8c78cc8\" data-id=\"8c78cc8\" data-element_type=\"column\" data-e-type=\"column\">\n\t\t\t<div class=\"elementor-widget-wrap\">\n\t\t\t\t\t\t\t<\/div>\n\t\t<\/div>\n\t\t\t\t\t<\/div>\n\t\t<\/section>\n\t\t\t\t\t<\/div>\n\t\t<\/div>\n\t\t\t\t\t<\/div>\n\t\t<\/section>\n\t\t\t\t<\/div>\n\t\t","protected":false},"excerpt":{"rendered":"<p>Czyszczenie wyk\u0142adzin dywanowych Impregnacja wyk\u0142adzin elastycznych Renowacj\u0119 wyk\u0142adzin elastycznych Monta\u017c wyk\u0142adzin<\/p>\n","protected":false},"author":2,"featured_media":0,"parent":0,"menu_order":0,"comment_status":"closed","ping_status":"closed","template":"","meta":{"footnotes":""},"class_list":["post-475","page","type-page","status-publish","hentry"],"_links":{"self":[{"href":"https:\/\/broclean.pl\/index.php\/wp-json\/wp\/v2\/pages\/475","targetHints":{"allow":["GET"]}}],"collection":[{"href":"https:\/\/broclean.pl\/index.php\/wp-json\/wp\/v2\/pages"}],"about":[{"href":"https:\/\/broclean.pl\/index.php\/wp-json\/wp\/v2\/types\/page"}],"author":[{"embeddable":true,"href":"https:\/\/broclean.pl\/index.php\/wp-json\/wp\/v2\/users\/2"}],"replies":[{"embeddable":true,"href":"https:\/\/broclean.pl\/index.php\/wp-json\/wp\/v2\/comments?post=475"}],"version-history":[{"count":68,"href":"https:\/\/broclean.pl\/index.php\/wp-json\/wp\/v2\/pages\/475\/revisions"}],"predecessor-version":[{"id":646,"href":"https:\/\/broclean.pl\/index.php\/wp-json\/wp\/v2\/pages\/475\/revisions\/646"}],"wp:attachment":[{"href":"https:\/\/broclean.pl\/index.php\/wp-json\/wp\/v2\/media?parent=475"}],"curies":[{"name":"wp","href":"https:\/\/api.w.org\/{rel}","templated":true}]}}